{"id":26083,"date":"2022-03-09T11:56:16","date_gmt":"2022-03-09T10:56:16","guid":{"rendered":"https:\/\/martzatech1258.live-website.com\/?page_id=26083"},"modified":"2022-10-09T17:11:02","modified_gmt":"2022-10-09T16:11:02","slug":"how-do-we-work","status":"publish","type":"page","link":"https:\/\/martzatech1258.live-website.com\/es\/about-us\/how-do-we-work\/","title":{"rendered":"Como trabajamos"},"content":{"rendered":"<div data-elementor-type=\"wp-page\" data-elementor-id=\"26083\" class=\"elementor elementor-26083\" data-elementor-post-type=\"page\">\n\t\t\t\t\t\t<section class=\"elementor-section elementor-top-section elementor-element elementor-element-34bc352 elementor-section-full_width elementor-section-height-default elementor-section-height-default\" data-id=\"34bc352\" data-element_type=\"section\" data-settings=\"{&quot;background_background&quot;:&quot;gradient&quot;}\">\n\t\t\t\t\t\t<div class=\"elementor-container elementor-column-gap-default\">\n\t\t\t\t\t<div class=\"elementor-column elementor-col-100 elementor-top-column elementor-element elementor-element-51f42d0\" data-id=\"51f42d0\" data-element_type=\"column\">\n\t\t\t<div class=\"elementor-widget-wrap elementor-element-populated\">\n\t\t\t\t\t\t<section class=\"elementor-section elementor-inner-section elementor-element elementor-element-35d37ea elementor-section-boxed elementor-section-height-default elementor-section-height-default\" data-id=\"35d37ea\" data-element_type=\"section\">\n\t\t\t\t\t\t<div class=\"elementor-container elementor-column-gap-default\">\n\t\t\t\t\t<div class=\"elementor-column elementor-col-100 elementor-inner-column elementor-element elementor-element-69af9a1\" data-id=\"69af9a1\" data-element_type=\"column\">\n\t\t\t<div class=\"elementor-widget-wrap elementor-element-populated\">\n\t\t\t\t\t\t<div class=\"elementor-element elementor-element-bacfb1c elementor-invisible elementor-widget elementor-widget-heading\" data-id=\"bacfb1c\" data-element_type=\"widget\" data-settings=\"{&quot;_animation&quot;:&quot;fadeInDown&quot;,&quot;_animation_delay&quot;:300}\" data-widget_type=\"heading.default\">\n\t\t\t\t<div class=\"elementor-widget-container\">\n\t\t\t<h1 class=\"elementor-heading-title elementor-size-default\">As\u00ed es como trabajamos<\/h1>\t\t<\/div>\n\t\t\t\t<\/div>\n\t\t\t\t<div class=\"elementor-element elementor-element-8e1ce6b elementor-invisible elementor-widget elementor-widget-text-editor\" data-id=\"8e1ce6b\" data-element_type=\"widget\" data-settings=\"{&quot;_animation&quot;:&quot;fadeInUp&quot;,&quot;_animation_delay&quot;:600}\" data-widget_type=\"text-editor.default\">\n\t\t\t\t<div class=\"elementor-widget-container\">\n\t\t\t\t\t\t\t<p><span style=\"vertical-align: inherit;\"><span style=\"vertical-align: inherit;\">En Martza Tech seguimos un plan de acci\u00f3n propio que desarrollamos en base a a\u00f1os de investigaci\u00f3n, <\/span><\/span><span style=\"color: #0082e0;\"><span style=\"vertical-align: inherit;\"><span style=\"vertical-align: inherit;\">experiencia<\/span><\/span><\/span><span style=\"vertical-align: inherit;\"><span style=\"vertical-align: inherit;\"> y <\/span><\/span><span style=\"color: #0082e0;\"><span style=\"vertical-align: inherit;\"><span style=\"vertical-align: inherit;\">comentarios<\/span><\/span><\/span><span style=\"vertical-align: inherit;\"><span style=\"vertical-align: inherit;\"> de nuestros clientes y equipos de proyecto.<\/span><\/span><\/p>\t\t\t\t\t\t<\/div>\n\t\t\t\t<\/div>\n\t\t\t\t\t<\/div>\n\t\t<\/div>\n\t\t\t\t\t<\/div>\n\t\t<\/section>\n\t\t\t\t\t<\/div>\n\t\t<\/div>\n\t\t\t\t\t<\/div>\n\t\t<\/section>\n\t\t\t\t<section class=\"elementor-section elementor-top-section elementor-element elementor-element-ee72101 elementor-reverse-mobile elementor-section-boxed elementor-section-height-default elementor-section-height-default\" data-id=\"ee72101\" data-element_type=\"section\">\n\t\t\t\t\t\t<div class=\"elementor-container elementor-column-gap-default\">\n\t\t\t\t\t<div class=\"elementor-column elementor-col-50 elementor-top-column elementor-element elementor-element-7c590a0 elementor-invisible\" data-id=\"7c590a0\" data-element_type=\"column\" data-settings=\"{&quot;animation&quot;:&quot;fadeInLeft&quot;}\">\n\t\t\t<div class=\"elementor-widget-wrap elementor-element-populated\">\n\t\t\t\t\t\t<div class=\"elementor-element elementor-element-9ddfcc1 elementor-widget elementor-widget-text-editor\" data-id=\"9ddfcc1\" data-element_type=\"widget\" data-widget_type=\"text-editor.default\">\n\t\t\t\t<div class=\"elementor-widget-container\">\n\t\t\t\t\t\t\t<p><span style=\"font-style: inherit; color: var( --e-global-color-text ); font-family: var( --e-global-typography-c2169ae-font-family ), Sans-serif; letter-spacing: var( --e-global-typography-c2169ae-letter-spacing ); word-spacing: var( --e-global-typography-c2169ae-word-spacing ); vertical-align: inherit;\"><span style=\"vertical-align: inherit;\"><span style=\"vertical-align: inherit;\">Nos esforzamos por ofrecer todo lo que necesita en un socio tecnol\u00f3gico personal, \u00e1gil y eficiente mientras trabajamos en colaboraci\u00f3n con usted para lograr el \u00e9xito.&nbsp;<\/span><\/span><\/span><\/p>\n<p><span style=\"font-style: inherit; color: var( --e-global-color-text ); font-family: var( --e-global-typography-c2169ae-font-family ), Sans-serif; letter-spacing: var( --e-global-typography-c2169ae-letter-spacing ); word-spacing: var( --e-global-typography-c2169ae-word-spacing ); vertical-align: inherit;\"><span style=\"vertical-align: inherit;\"><span style=\"vertical-align: inherit;\">Buscamos grandes dise\u00f1os de productos, cumpliendo con todas las funcionalidades acordadas, entregando a tiempo, trabajando con un equipo eficiente y preparado, y eliminando cualquier costo adicional inesperado.&nbsp;<\/span><\/span><\/span><span style=\"font-family: Mulish, serif; font-size: 16.5pt; letter-spacing: 2.25pt; color: var( --e-global-color-text ); font-style: var( --e-global-typography-c2169ae-font-style ); font-weight: var( --e-global-typography-c2169ae-font-weight ); word-spacing: var( --e-global-typography-c2169ae-word-spacing );\">para asegurarnos de que estamos&nbsp;<\/span><span style=\"color: var( --e-global-color-text ); font-family: var( --e-global-typography-c2169ae-font-family ), Sans-serif; font-style: inherit; letter-spacing: var( --e-global-typography-c2169ae-letter-spacing ); word-spacing: var( --e-global-typography-c2169ae-word-spacing ); font-weight: inherit;\">siendo 100% honesto y transparente con usted.<\/span><\/p>\t\t\t\t\t\t<\/div>\n\t\t\t\t<\/div>\n\t\t\t\t\t<\/div>\n\t\t<\/div>\n\t\t\t\t<div class=\"elementor-column elementor-col-50 elementor-top-column elementor-element elementor-element-0ebe2a0 elementor-invisible\" data-id=\"0ebe2a0\" data-element_type=\"column\" data-settings=\"{&quot;animation&quot;:&quot;fadeInRight&quot;}\">\n\t\t\t<div class=\"elementor-widget-wrap elementor-element-populated\">\n\t\t\t\t\t\t<div class=\"elementor-element elementor-element-931c1e1 elementor-widget elementor-widget-image\" data-id=\"931c1e1\" data-element_type=\"widget\" data-widget_type=\"image.default\">\n\t\t\t\t<div class=\"elementor-widget-container\">\n\t\t\t\t\t\t\t\t\t\t\t\t\t<img fetchpriority=\"high\" decoding=\"async\" width=\"750\" height=\"500\" src=\"https:\/\/martzatech1258.live-website.com\/wp-content\/uploads\/2022\/03\/07.png\" class=\"attachment-large size-large wp-image-26087\" alt=\"Blockchain, NFTs, crypto, Web3\" srcset=\"https:\/\/martzatech1258.live-website.com\/wp-content\/uploads\/2022\/03\/07.png 750w, https:\/\/martzatech1258.live-website.com\/wp-content\/uploads\/2022\/03\/07-300x200.png 300w\" sizes=\"(max-width: 750px) 100vw, 750px\" \/>\t\t\t\t\t\t\t\t\t\t\t\t\t<\/div>\n\t\t\t\t<\/div>\n\t\t\t\t\t<\/div>\n\t\t<\/div>\n\t\t\t\t\t<\/div>\n\t\t<\/section>\n\t\t\t\t<section class=\"elementor-section elementor-top-section elementor-element elementor-element-31c02dc elementor-section-full_width elementor-section-height-default elementor-section-height-default\" data-id=\"31c02dc\" data-element_type=\"section\">\n\t\t\t\t\t\t<div class=\"elementor-container elementor-column-gap-default\">\n\t\t\t\t\t<div class=\"elementor-column elementor-col-100 elementor-top-column elementor-element elementor-element-63fbc5c\" data-id=\"63fbc5c\" data-element_type=\"column\">\n\t\t\t<div class=\"elementor-widget-wrap elementor-element-populated\">\n\t\t\t\t\t\t<div class=\"elementor-element elementor-element-2baf743 elementor-invisible elementor-widget elementor-widget-heading\" data-id=\"2baf743\" data-element_type=\"widget\" data-settings=\"{&quot;_animation&quot;:&quot;fadeInDown&quot;}\" data-widget_type=\"heading.default\">\n\t\t\t\t<div class=\"elementor-widget-container\">\n\t\t\t<h2 class=\"elementor-heading-title elementor-size-default\">El siguiente video resume los pasos clave de nuestra filosof\u00eda de gesti\u00f3n de proyectos:<\/h2>\t\t<\/div>\n\t\t\t\t<\/div>\n\t\t\t\t<section class=\"elementor-section elementor-inner-section elementor-element elementor-element-b48dae8 elementor-section-content-middle elementor-section-boxed elementor-section-height-default elementor-section-height-default\" data-id=\"b48dae8\" data-element_type=\"section\">\n\t\t\t\t\t\t<div class=\"elementor-container elementor-column-gap-default\">\n\t\t\t\t\t<div class=\"elementor-column elementor-col-100 elementor-inner-column elementor-element elementor-element-e7c0fac\" data-id=\"e7c0fac\" data-element_type=\"column\">\n\t\t\t<div class=\"elementor-widget-wrap elementor-element-populated\">\n\t\t\t\t\t\t<div class=\"elementor-element elementor-element-6b749c3 elementor-invisible elementor-widget elementor-widget-video\" data-id=\"6b749c3\" data-element_type=\"widget\" data-settings=\"{&quot;video_type&quot;:&quot;hosted&quot;,&quot;autoplay&quot;:&quot;yes&quot;,&quot;play_on_mobile&quot;:&quot;yes&quot;,&quot;_animation&quot;:&quot;fadeInUp&quot;}\" data-widget_type=\"video.default\">\n\t\t\t\t<div class=\"elementor-widget-container\">\n\t\t\t\t\t<div class=\"e-hosted-video elementor-wrapper elementor-open-inline\">\n\t\t\t\t\t<video class=\"elementor-video\" src=\"https:\/\/martzatech1258.live-website.com\/wp-content\/uploads\/2022\/03\/this_is_how_we_work-video-martza-3.mp4\" autoplay=\"\" playsinline=\"\" controlslist=\"nodownload\"><\/video>\n\t\t\t\t<\/div>\n\t\t\t\t<\/div>\n\t\t\t\t<\/div>\n\t\t\t\t\t<\/div>\n\t\t<\/div>\n\t\t\t\t\t<\/div>\n\t\t<\/section>\n\t\t\t\t\t<\/div>\n\t\t<\/div>\n\t\t\t\t\t<\/div>\n\t\t<\/section>\n\t\t\t\t<\/div>","protected":false},"excerpt":{"rendered":"<p>As\u00ed trabajamos En Martza Tech seguimos nuestro propio plan de acci\u00f3n que desarrollamos en base a a\u00f1os de investigaci\u00f3n, experiencia y feedback de nuestros clientes y equipos de proyecto. Nos esforzamos por ofrecerle todo lo que necesita en un socio tecnol\u00f3gico personal, \u00e1gil y eficiente mientras trabajamos en colaboraci\u00f3n con usted para lograr [\u2026]<\/p>","protected":false},"author":1,"featured_media":0,"parent":26840,"menu_order":0,"comment_status":"closed","ping_status":"closed","template":"","meta":{"site-sidebar-layout":"no-sidebar","site-content-layout":"page-builder","ast-site-content-layout":"","site-content-style":"default","site-sidebar-style":"default","ast-global-header-display":"","ast-banner-title-visibility":"","ast-main-header-display":"","ast-hfb-above-header-display":"","ast-hfb-below-header-display":"","ast-hfb-mobile-header-display":"","site-post-title":"disabled","ast-breadcrumbs-content":"","ast-featured-img":"disabled","footer-sml-layout":"","theme-transparent-header-meta":"","adv-header-id-meta":"","stick-header-meta":"","header-above-stick-meta":"","header-main-stick-meta":"","header-below-stick-meta":"","astra-migrate-meta-layouts":"default","ast-page-background-enabled":"default","ast-page-background-meta":{"desktop":{"background-color":"","background-image":"","background-repeat":"repeat","background-position":"center center","background-size":"auto","background-attachment":"scroll","background-type":"","background-media":"","overlay-type":"","overlay-color":"","overlay-opacity":"","overlay-gradient":""},"tablet":{"background-color":"","background-image":"","background-repeat":"repeat","background-position":"center center","background-size":"auto","background-attachment":"scroll","background-type":"","background-media":"","overlay-type":"","overlay-color":"","overlay-opacity":"","overlay-gradient":""},"mobile":{"background-color":"","background-image":"","background-repeat":"repeat","background-position":"center center","background-size":"auto","background-attachment":"scroll","background-type":"","background-media":"","overlay-type":"","overlay-color":"","overlay-opacity":"","overlay-gradient":""}},"ast-content-background-meta":{"desktop":{"background-color":"var(--ast-global-color-5)","background-image":"","background-repeat":"repeat","background-position":"center center","background-size":"auto","background-attachment":"scroll","background-type":"","background-media":"","overlay-type":"","overlay-color":"","overlay-opacity":"","overlay-gradient":""},"tablet":{"background-color":"var(--ast-global-color-5)","background-image":"","background-repeat":"repeat","background-position":"center center","background-size":"auto","background-attachment":"scroll","background-type":"","background-media":"","overlay-type":"","overlay-color":"","overlay-opacity":"","overlay-gradient":""},"mobile":{"background-color":"var(--ast-global-color-5)","background-image":"","background-repeat":"repeat","background-position":"center center","background-size":"auto","background-attachment":"scroll","background-type":"","background-media":"","overlay-type":"","overlay-color":"","overlay-opacity":"","overlay-gradient":""}},"footnotes":""},"class_list":["post-26083","page","type-page","status-publish","hentry"],"_links":{"self":[{"href":"https:\/\/martzatech1258.live-website.com\/es\/wp-json\/wp\/v2\/pages\/26083","targetHints":{"allow":["GET"]}}],"collection":[{"href":"https:\/\/martzatech1258.live-website.com\/es\/wp-json\/wp\/v2\/pages"}],"about":[{"href":"https:\/\/martzatech1258.live-website.com\/es\/wp-json\/wp\/v2\/types\/page"}],"author":[{"embeddable":true,"href":"https:\/\/martzatech1258.live-website.com\/es\/wp-json\/wp\/v2\/users\/1"}],"replies":[{"embeddable":true,"href":"https:\/\/martzatech1258.live-website.com\/es\/wp-json\/wp\/v2\/comments?post=26083"}],"version-history":[{"count":5,"href":"https:\/\/martzatech1258.live-website.com\/es\/wp-json\/wp\/v2\/pages\/26083\/revisions"}],"predecessor-version":[{"id":28928,"href":"https:\/\/martzatech1258.live-website.com\/es\/wp-json\/wp\/v2\/pages\/26083\/revisions\/28928"}],"up":[{"embeddable":true,"href":"https:\/\/martzatech1258.live-website.com\/es\/wp-json\/wp\/v2\/pages\/26840"}],"wp:attachment":[{"href":"https:\/\/martzatech1258.live-website.com\/es\/wp-json\/wp\/v2\/media?parent=26083"}],"curies":[{"name":"wp","href":"https:\/\/api.w.org\/{rel}","templated":true}]}}