{"id":26855,"date":"2022-03-20T19:14:16","date_gmt":"2022-03-20T18:14:16","guid":{"rendered":"https:\/\/martzatech1258.live-website.com\/stage\/?page_id=26855"},"modified":"2022-08-24T14:10:52","modified_gmt":"2022-08-24T13:10:52","slug":"blog-martzatech","status":"publish","type":"page","link":"https:\/\/martzatech1258.live-website.com\/es\/blog-martzatech\/","title":{"rendered":"Blog"},"content":{"rendered":"<div data-elementor-type=\"wp-page\" data-elementor-id=\"26855\" class=\"elementor elementor-26855\" data-elementor-post-type=\"page\">\n\t\t\t\t\t\t<section class=\"elementor-section elementor-top-section elementor-element elementor-element-4784512 elementor-section-full_width elementor-section-height-default elementor-section-height-default\" data-id=\"4784512\" data-element_type=\"section\" data-settings=\"{&quot;background_background&quot;:&quot;classic&quot;}\">\n\t\t\t\t\t\t<div class=\"elementor-container elementor-column-gap-default\">\n\t\t\t\t\t<div class=\"elementor-column elementor-col-50 elementor-top-column elementor-element elementor-element-8da1f0e elementor-hidden-mobile elementor-invisible\" data-id=\"8da1f0e\" data-element_type=\"column\" data-settings=\"{&quot;animation&quot;:&quot;fadeInUp&quot;}\">\n\t\t\t<div class=\"elementor-widget-wrap elementor-element-populated\">\n\t\t\t\t\t\t<div class=\"elementor-element elementor-element-38fa61f elementor-widget elementor-widget-image\" data-id=\"38fa61f\" data-element_type=\"widget\" data-widget_type=\"image.default\">\n\t\t\t\t<div class=\"elementor-widget-container\">\n\t\t\t\t\t\t\t\t\t\t\t\t\t<img fetchpriority=\"high\" decoding=\"async\" width=\"300\" height=\"300\" src=\"https:\/\/martzatech1258.live-website.com\/wp-content\/uploads\/2022\/03\/Mobile-Marketing-pana-300x300.png\" class=\"attachment-medium size-medium wp-image-27112\" alt=\"\" srcset=\"https:\/\/martzatech1258.live-website.com\/wp-content\/uploads\/2022\/03\/Mobile-Marketing-pana-300x300.png 300w, https:\/\/martzatech1258.live-website.com\/wp-content\/uploads\/2022\/03\/Mobile-Marketing-pana-1024x1024.png 1024w, https:\/\/martzatech1258.live-website.com\/wp-content\/uploads\/2022\/03\/Mobile-Marketing-pana-150x150.png 150w, https:\/\/martzatech1258.live-website.com\/wp-content\/uploads\/2022\/03\/Mobile-Marketing-pana-768x768.png 768w, https:\/\/martzatech1258.live-website.com\/wp-content\/uploads\/2022\/03\/Mobile-Marketing-pana-1536x1536.png 1536w, https:\/\/martzatech1258.live-website.com\/wp-content\/uploads\/2022\/03\/Mobile-Marketing-pana.png 2000w\" sizes=\"(max-width: 300px) 100vw, 300px\" \/>\t\t\t\t\t\t\t\t\t\t\t\t\t<\/div>\n\t\t\t\t<\/div>\n\t\t\t\t\t<\/div>\n\t\t<\/div>\n\t\t\t\t<div class=\"elementor-column elementor-col-50 elementor-top-column elementor-element elementor-element-dac908c\" data-id=\"dac908c\" data-element_type=\"column\">\n\t\t\t<div class=\"elementor-widget-wrap elementor-element-populated\">\n\t\t\t\t\t\t<section class=\"elementor-section elementor-inner-section elementor-element elementor-element-331988f elementor-section-boxed elementor-section-height-default elementor-section-height-default\" data-id=\"331988f\" data-element_type=\"section\">\n\t\t\t\t\t\t<div class=\"elementor-container elementor-column-gap-default\">\n\t\t\t\t\t<div class=\"elementor-column elementor-col-100 elementor-inner-column elementor-element elementor-element-8015370\" data-id=\"8015370\" data-element_type=\"column\">\n\t\t\t<div class=\"elementor-widget-wrap elementor-element-populated\">\n\t\t\t\t\t\t<div class=\"elementor-element elementor-element-f2a6289 elementor-invisible elementor-widget elementor-widget-heading\" data-id=\"f2a6289\" data-element_type=\"widget\" data-settings=\"{&quot;_animation&quot;:&quot;fadeInDown&quot;,&quot;_animation_delay&quot;:300}\" data-widget_type=\"heading.default\">\n\t\t\t\t<div class=\"elementor-widget-container\">\n\t\t\t<h1 class=\"elementor-heading-title elementor-size-default\"><br>Nuestro blog<\/h1>\t\t<\/div>\n\t\t\t\t<\/div>\n\t\t\t\t\t<\/div>\n\t\t<\/div>\n\t\t\t\t\t<\/div>\n\t\t<\/section>\n\t\t\t\t\t<\/div>\n\t\t<\/div>\n\t\t\t\t\t<\/div>\n\t\t<\/section>\n\t\t\t\t<section class=\"elementor-section elementor-top-section elementor-element elementor-element-d3b4c8e elementor-section-boxed elementor-section-height-default elementor-section-height-default\" data-id=\"d3b4c8e\" data-element_type=\"section\">\n\t\t\t\t\t\t<div class=\"elementor-container elementor-column-gap-default\">\n\t\t\t\t\t<div class=\"elementor-column elementor-col-100 elementor-top-column elementor-element elementor-element-11c7153\" data-id=\"11c7153\" data-element_type=\"column\">\n\t\t\t<div class=\"elementor-widget-wrap elementor-element-populated\">\n\t\t\t\t\t\t<div class=\"elementor-element elementor-element-8d9ea70 elementor-grid-2 elementor-grid-tablet-2 elementor-grid-mobile-1 elementor-posts--thumbnail-top elementor-posts--show-avatar elementor-card-shadow-yes elementor-posts__hover-gradient elementor-widget elementor-widget-posts\" data-id=\"8d9ea70\" data-element_type=\"widget\" data-settings=\"{&quot;cards_columns&quot;:&quot;2&quot;,&quot;cards_columns_tablet&quot;:&quot;2&quot;,&quot;cards_columns_mobile&quot;:&quot;1&quot;,&quot;cards_row_gap&quot;:{&quot;unit&quot;:&quot;px&quot;,&quot;size&quot;:35,&quot;sizes&quot;:[]},&quot;cards_row_gap_tablet&quot;:{&quot;unit&quot;:&quot;px&quot;,&quot;size&quot;:&quot;&quot;,&quot;sizes&quot;:[]},&quot;cards_row_gap_mobile&quot;:{&quot;unit&quot;:&quot;px&quot;,&quot;size&quot;:&quot;&quot;,&quot;sizes&quot;:[]}}\" data-widget_type=\"posts.cards\">\n\t\t\t\t<div class=\"elementor-widget-container\">\n\t\t\t\t\t<div class=\"elementor-posts-container elementor-posts elementor-posts--skin-cards elementor-grid\">\n\t\t\t\t<article class=\"elementor-post elementor-grid-item post-28824 post type-post status-publish format-standard has-post-thumbnail hentry category-posts tag-blockchain tag-future tag-internet tag-nft tag-web3\">\n\t\t\t<div class=\"elementor-post__card\">\n\t\t\t\t<a class=\"elementor-post__thumbnail__link\" href=\"https:\/\/martzatech1258.live-website.com\/es\/blog\/2022\/09\/22\/5-things-you-didnt-know-about-the-web3\/\" tabindex=\"-1\"><div class=\"elementor-post__thumbnail\"><img decoding=\"async\" width=\"300\" height=\"214\" src=\"https:\/\/martzatech1258.live-website.com\/wp-content\/uploads\/2022\/09\/3d-cryptocurrency-rendering-design-300x214.jpg\" class=\"attachment-medium size-medium wp-image-28843\" alt=\"Web3 blockchain web\" srcset=\"https:\/\/martzatech1258.live-website.com\/wp-content\/uploads\/2022\/09\/3d-cryptocurrency-rendering-design-300x214.jpg 300w, https:\/\/martzatech1258.live-website.com\/wp-content\/uploads\/2022\/09\/3d-cryptocurrency-rendering-design-1024x731.jpg 1024w, https:\/\/martzatech1258.live-website.com\/wp-content\/uploads\/2022\/09\/3d-cryptocurrency-rendering-design-768x549.jpg 768w, https:\/\/martzatech1258.live-website.com\/wp-content\/uploads\/2022\/09\/3d-cryptocurrency-rendering-design-1536x1097.jpg 1536w, https:\/\/martzatech1258.live-website.com\/wp-content\/uploads\/2022\/09\/3d-cryptocurrency-rendering-design-2048x1463.jpg 2048w, https:\/\/martzatech1258.live-website.com\/wp-content\/uploads\/2022\/09\/3d-cryptocurrency-rendering-design-1320x943.jpg 1320w\" sizes=\"(max-width: 300px) 100vw, 300px\" \/><\/div><\/a>\n\t\t\t\t<div class=\"elementor-post__badge\">Publicaciones<\/div>\n\t\t\t\t<div class=\"elementor-post__avatar\">\n\t\t\t<img alt='Martza_T3ch' src='https:\/\/secure.gravatar.com\/avatar\/c51387967c3387ad8984948914da1b420008835ebb275ece734c76123bd9f239?s=128&#038;d=mm&#038;r=g' srcset='https:\/\/secure.gravatar.com\/avatar\/c51387967c3387ad8984948914da1b420008835ebb275ece734c76123bd9f239?s=256&#038;d=mm&#038;r=g 2x' class='avatar avatar-128 photo' height='128' width='128' \/>\t\t<\/div>\n\t\t\t\t<div class=\"elementor-post__text\">\n\t\t\t\t<h3 class=\"elementor-post__title\">\n\t\t\t<a href=\"https:\/\/martzatech1258.live-website.com\/es\/blog\/2022\/09\/22\/5-things-you-didnt-know-about-the-web3\/\">\n\t\t\t\t\u00bfQu\u00e9 es Web3? \u00a15 cosas incre\u00edbles que no sab\u00edas sobre \u00e9l!\t\t\t<\/a>\n\t\t<\/h3>\n\t\t\t\t<div class=\"elementor-post__excerpt\">\n\t\t\t<p>5 cosas que no sab\u00edas sobre la Web3 La Web3 es la \u00faltima etapa en el desarrollo de Internet. Es una red descentralizada que<\/p>\n\t\t<\/div>\n\t\t\n\t\t<a class=\"elementor-post__read-more\" href=\"https:\/\/martzatech1258.live-website.com\/es\/blog\/2022\/09\/22\/5-things-you-didnt-know-about-the-web3\/\" aria-label=\"M\u00e1s informaci\u00f3n sobre \u00bfQu\u00e9 es Web3? \u00a15 cosas incre\u00edbles que no sab\u00edas al respecto!\" tabindex=\"-1\">\n\t\t\tLeer m\u00e1s &quot;\t\t<\/a>\n\n\t\t\t\t<\/div>\n\t\t\t\t<div class=\"elementor-post__meta-data\">\n\t\t\t\t\t<span class=\"elementor-post-date\">\n\t\t\tseptiembre 22, 2022\t\t<\/span>\n\t\t\t\t<span class=\"elementor-post-avatar\">\n\t\t\tNo hay comentarios\t\t<\/span>\n\t\t\t\t<\/div>\n\t\t\t\t\t<\/div>\n\t\t<\/article>\n\t\t\t\t<article class=\"elementor-post elementor-grid-item post-27240 post type-post status-publish format-standard has-post-thumbnail hentry category-posts tag-blockchain tag-future tag-internet tag-nft tag-web3\">\n\t\t\t<div class=\"elementor-post__card\">\n\t\t\t\t<a class=\"elementor-post__thumbnail__link\" href=\"https:\/\/martzatech1258.live-website.com\/es\/blog\/2022\/05\/16\/6-reasons-nfts\/\" tabindex=\"-1\"><div class=\"elementor-post__thumbnail\"><img decoding=\"async\" width=\"300\" height=\"240\" src=\"https:\/\/martzatech1258.live-website.com\/wp-content\/uploads\/2022\/05\/sl_021422_48550_16-300x240.jpg\" class=\"attachment-medium size-medium wp-image-27247\" alt=\"\" srcset=\"https:\/\/martzatech1258.live-website.com\/wp-content\/uploads\/2022\/05\/sl_021422_48550_16-300x240.jpg 300w, https:\/\/martzatech1258.live-website.com\/wp-content\/uploads\/2022\/05\/sl_021422_48550_16-1024x819.jpg 1024w, https:\/\/martzatech1258.live-website.com\/wp-content\/uploads\/2022\/05\/sl_021422_48550_16-768x614.jpg 768w, https:\/\/martzatech1258.live-website.com\/wp-content\/uploads\/2022\/05\/sl_021422_48550_16-1536x1229.jpg 1536w, https:\/\/martzatech1258.live-website.com\/wp-content\/uploads\/2022\/05\/sl_021422_48550_16-2048x1638.jpg 2048w, https:\/\/martzatech1258.live-website.com\/wp-content\/uploads\/2022\/05\/sl_021422_48550_16-1320x1056.jpg 1320w\" sizes=\"(max-width: 300px) 100vw, 300px\" \/><\/div><\/a>\n\t\t\t\t<div class=\"elementor-post__badge\">Publicaciones<\/div>\n\t\t\t\t<div class=\"elementor-post__avatar\">\n\t\t\t<img alt='Martza_T3ch' src='https:\/\/secure.gravatar.com\/avatar\/c51387967c3387ad8984948914da1b420008835ebb275ece734c76123bd9f239?s=128&#038;d=mm&#038;r=g' srcset='https:\/\/secure.gravatar.com\/avatar\/c51387967c3387ad8984948914da1b420008835ebb275ece734c76123bd9f239?s=256&#038;d=mm&#038;r=g 2x' class='avatar avatar-128 photo' height='128' width='128' \/>\t\t<\/div>\n\t\t\t\t<div class=\"elementor-post__text\">\n\t\t\t\t<h3 class=\"elementor-post__title\">\n\t\t\t<a href=\"https:\/\/martzatech1258.live-website.com\/es\/blog\/2022\/05\/16\/6-reasons-nfts\/\">\n\t\t\t\t6 razones por las que las NFT son el futuro de los activos digitales\t\t\t<\/a>\n\t\t<\/h3>\n\t\t\t\t<div class=\"elementor-post__excerpt\">\n\t\t\t<p>6 razones por las que las NFT son el futuro de los activos digitales Cuando la pandemia se apoder\u00f3 del mundo por asalto alrededor de dos a\u00f1os y medio<\/p>\n\t\t<\/div>\n\t\t\n\t\t<a class=\"elementor-post__read-more\" href=\"https:\/\/martzatech1258.live-website.com\/es\/blog\/2022\/05\/16\/6-reasons-nfts\/\" aria-label=\"M\u00e1s informaci\u00f3n sobre 6 razones por las que las NFT son el futuro de los activos digitales\" tabindex=\"-1\">\n\t\t\tLeer m\u00e1s &quot;\t\t<\/a>\n\n\t\t\t\t<\/div>\n\t\t\t\t<div class=\"elementor-post__meta-data\">\n\t\t\t\t\t<span class=\"elementor-post-date\">\n\t\t\tmayo 16, 2022\t\t<\/span>\n\t\t\t\t<span class=\"elementor-post-avatar\">\n\t\t\tNo hay comentarios\t\t<\/span>\n\t\t\t\t<\/div>\n\t\t\t\t\t<\/div>\n\t\t<\/article>\n\t\t\t\t<article class=\"elementor-post elementor-grid-item post-27231 post type-post status-publish format-standard has-post-thumbnail hentry category-posts\">\n\t\t\t<div class=\"elementor-post__card\">\n\t\t\t\t<a class=\"elementor-post__thumbnail__link\" href=\"https:\/\/martzatech1258.live-website.com\/es\/blog\/2022\/05\/06\/blockchain-upcoming-big-player\/\" tabindex=\"-1\"><div class=\"elementor-post__thumbnail\"><img loading=\"lazy\" decoding=\"async\" width=\"300\" height=\"193\" src=\"https:\/\/martzatech1258.live-website.com\/wp-content\/uploads\/2022\/05\/blockchain_green-300x193.jpeg\" class=\"attachment-medium size-medium wp-image-27238\" alt=\"blockchain\" srcset=\"https:\/\/martzatech1258.live-website.com\/wp-content\/uploads\/2022\/05\/blockchain_green-300x193.jpeg 300w, https:\/\/martzatech1258.live-website.com\/wp-content\/uploads\/2022\/05\/blockchain_green-768x493.jpeg 768w, https:\/\/martzatech1258.live-website.com\/wp-content\/uploads\/2022\/05\/blockchain_green.jpeg 780w\" sizes=\"(max-width: 300px) 100vw, 300px\" \/><\/div><\/a>\n\t\t\t\t<div class=\"elementor-post__badge\">Publicaciones<\/div>\n\t\t\t\t<div class=\"elementor-post__avatar\">\n\t\t\t<img alt='Martza_T3ch' src='https:\/\/secure.gravatar.com\/avatar\/c51387967c3387ad8984948914da1b420008835ebb275ece734c76123bd9f239?s=128&#038;d=mm&#038;r=g' srcset='https:\/\/secure.gravatar.com\/avatar\/c51387967c3387ad8984948914da1b420008835ebb275ece734c76123bd9f239?s=256&#038;d=mm&#038;r=g 2x' class='avatar avatar-128 photo' height='128' width='128' \/>\t\t<\/div>\n\t\t\t\t<div class=\"elementor-post__text\">\n\t\t\t\t<h3 class=\"elementor-post__title\">\n\t\t\t<a href=\"https:\/\/martzatech1258.live-website.com\/es\/blog\/2022\/05\/06\/blockchain-upcoming-big-player\/\">\n\t\t\t\t\u00bfBlockchain es el pr\u00f3ximo gran jugador o solo una exageraci\u00f3n?\t\t\t<\/a>\n\t\t<\/h3>\n\t\t\t\t<div class=\"elementor-post__excerpt\">\n\t\t\t<p>\u00bfBlockchain es el pr\u00f3ximo gran jugador o solo una exageraci\u00f3n? Blockchain ha existido durante bastantes a\u00f1os, pero antes, la atenci\u00f3n era toda<\/p>\n\t\t<\/div>\n\t\t\n\t\t<a class=\"elementor-post__read-more\" href=\"https:\/\/martzatech1258.live-website.com\/es\/blog\/2022\/05\/06\/blockchain-upcoming-big-player\/\" aria-label=\"M\u00e1s informaci\u00f3n sobre \u00bfBlockchain es el pr\u00f3ximo gran jugador o simplemente una exageraci\u00f3n?\" tabindex=\"-1\">\n\t\t\tLeer m\u00e1s &quot;\t\t<\/a>\n\n\t\t\t\t<\/div>\n\t\t\t\t<div class=\"elementor-post__meta-data\">\n\t\t\t\t\t<span class=\"elementor-post-date\">\n\t\t\t6 de mayo de 2022\t\t<\/span>\n\t\t\t\t<span class=\"elementor-post-avatar\">\n\t\t\tNo hay comentarios\t\t<\/span>\n\t\t\t\t<\/div>\n\t\t\t\t\t<\/div>\n\t\t<\/article>\n\t\t\t\t<article class=\"elementor-post elementor-grid-item post-27224 post type-post status-publish format-standard has-post-thumbnail hentry category-posts\">\n\t\t\t<div class=\"elementor-post__card\">\n\t\t\t\t<a class=\"elementor-post__thumbnail__link\" href=\"https:\/\/martzatech1258.live-website.com\/es\/blog\/2022\/04\/06\/why-investors-must-know-about-the-relationship-between-crypto-nfts-and-the-metaverse\/\" tabindex=\"-1\"><div class=\"elementor-post__thumbnail\"><img loading=\"lazy\" decoding=\"async\" width=\"300\" height=\"217\" src=\"https:\/\/martzatech1258.live-website.com\/wp-content\/uploads\/2022\/04\/blockchainpic.jpg\" class=\"attachment-medium size-medium wp-image-27229\" alt=\"\" \/><\/div><\/a>\n\t\t\t\t<div class=\"elementor-post__badge\">Publicaciones<\/div>\n\t\t\t\t<div class=\"elementor-post__avatar\">\n\t\t\t<img alt='Martza_T3ch' src='https:\/\/secure.gravatar.com\/avatar\/c51387967c3387ad8984948914da1b420008835ebb275ece734c76123bd9f239?s=128&#038;d=mm&#038;r=g' srcset='https:\/\/secure.gravatar.com\/avatar\/c51387967c3387ad8984948914da1b420008835ebb275ece734c76123bd9f239?s=256&#038;d=mm&#038;r=g 2x' class='avatar avatar-128 photo' height='128' width='128' \/>\t\t<\/div>\n\t\t\t\t<div class=\"elementor-post__text\">\n\t\t\t\t<h3 class=\"elementor-post__title\">\n\t\t\t<a href=\"https:\/\/martzatech1258.live-website.com\/es\/blog\/2022\/04\/06\/why-investors-must-know-about-the-relationship-between-crypto-nfts-and-the-metaverse\/\">\n\t\t\t\tPor qu\u00e9 los inversores deben conocer la relaci\u00f3n entre Crypto, NFT y Metaverse\t\t\t<\/a>\n\t\t<\/h3>\n\t\t\t\t<div class=\"elementor-post__excerpt\">\n\t\t\t<p>Por qu\u00e9 los inversores deben saber acerca de la relaci\u00f3n entre Crypto, NFT y Metaverse En la era y el tiempo de hoy, escuchar la palabra blockchain, criptomonedas, NFT, es<\/p>\n\t\t<\/div>\n\t\t\n\t\t<a class=\"elementor-post__read-more\" href=\"https:\/\/martzatech1258.live-website.com\/es\/blog\/2022\/04\/06\/why-investors-must-know-about-the-relationship-between-crypto-nfts-and-the-metaverse\/\" aria-label=\"M\u00e1s informaci\u00f3n sobre Por qu\u00e9 los inversores deben conocer la relaci\u00f3n entre Crypto, NFT y el Metaverso\" tabindex=\"-1\">\n\t\t\tLeer m\u00e1s &quot;\t\t<\/a>\n\n\t\t\t\t<\/div>\n\t\t\t\t<div class=\"elementor-post__meta-data\">\n\t\t\t\t\t<span class=\"elementor-post-date\">\n\t\t\tabril 6, 2022\t\t<\/span>\n\t\t\t\t<span class=\"elementor-post-avatar\">\n\t\t\tNo hay comentarios\t\t<\/span>\n\t\t\t\t<\/div>\n\t\t\t\t\t<\/div>\n\t\t<\/article>\n\t\t\t\t<article class=\"elementor-post elementor-grid-item post-27212 post type-post status-publish format-standard has-post-thumbnail hentry category-crypto\">\n\t\t\t<div class=\"elementor-post__card\">\n\t\t\t\t<a class=\"elementor-post__thumbnail__link\" href=\"https:\/\/martzatech1258.live-website.com\/es\/blog\/2022\/04\/01\/blockchain-news-1\/\" tabindex=\"-1\"><div class=\"elementor-post__thumbnail\"><img loading=\"lazy\" decoding=\"async\" width=\"300\" height=\"182\" src=\"https:\/\/martzatech1258.live-website.com\/wp-content\/uploads\/2022\/04\/Captura-de-pantalla-2022-04-01-a-las-18.52.37-300x182.png\" class=\"attachment-medium size-medium wp-image-27220\" alt=\"metaverse\" srcset=\"https:\/\/martzatech1258.live-website.com\/wp-content\/uploads\/2022\/04\/Captura-de-pantalla-2022-04-01-a-las-18.52.37-300x182.png 300w, https:\/\/martzatech1258.live-website.com\/wp-content\/uploads\/2022\/04\/Captura-de-pantalla-2022-04-01-a-las-18.52.37.png 580w\" sizes=\"(max-width: 300px) 100vw, 300px\" \/><\/div><\/a>\n\t\t\t\t<div class=\"elementor-post__badge\">Cripto<\/div>\n\t\t\t\t<div class=\"elementor-post__avatar\">\n\t\t\t<img alt='Martza_T3ch' src='https:\/\/secure.gravatar.com\/avatar\/c51387967c3387ad8984948914da1b420008835ebb275ece734c76123bd9f239?s=128&#038;d=mm&#038;r=g' srcset='https:\/\/secure.gravatar.com\/avatar\/c51387967c3387ad8984948914da1b420008835ebb275ece734c76123bd9f239?s=256&#038;d=mm&#038;r=g 2x' class='avatar avatar-128 photo' height='128' width='128' \/>\t\t<\/div>\n\t\t\t\t<div class=\"elementor-post__text\">\n\t\t\t\t<h3 class=\"elementor-post__title\">\n\t\t\t<a href=\"https:\/\/martzatech1258.live-website.com\/es\/blog\/2022\/04\/01\/blockchain-news-1\/\">\n\t\t\t\tNoticias de cadena de bloques #1\t\t\t<\/a>\n\t\t<\/h3>\n\t\t\t\t<div class=\"elementor-post__excerpt\">\n\t\t\t<p>Blockchain News #1 Obtenga los mejores conocimientos sobre los movimientos m\u00e1s significativos en el mundo de Blockchain. Comience su d\u00eda obteniendo una idea de la<\/p>\n\t\t<\/div>\n\t\t\n\t\t<a class=\"elementor-post__read-more\" href=\"https:\/\/martzatech1258.live-website.com\/es\/blog\/2022\/04\/01\/blockchain-news-1\/\" aria-label=\"M\u00e1s informaci\u00f3n sobre Novedades Blockchain #1\" tabindex=\"-1\">\n\t\t\tLeer m\u00e1s &quot;\t\t<\/a>\n\n\t\t\t\t<\/div>\n\t\t\t\t<div class=\"elementor-post__meta-data\">\n\t\t\t\t\t<span class=\"elementor-post-date\">\n\t\t\tabril 1, 2022\t\t<\/span>\n\t\t\t\t<span class=\"elementor-post-avatar\">\n\t\t\tNo hay comentarios\t\t<\/span>\n\t\t\t\t<\/div>\n\t\t\t\t\t<\/div>\n\t\t<\/article>\n\t\t\t\t<article class=\"elementor-post elementor-grid-item post-26942 post type-post status-publish format-standard has-post-thumbnail hentry category-crypto\">\n\t\t\t<div class=\"elementor-post__card\">\n\t\t\t\t<a class=\"elementor-post__thumbnail__link\" href=\"https:\/\/martzatech1258.live-website.com\/es\/blog\/2022\/03\/21\/martza-tech-in-sigma-dubai\/\" tabindex=\"-1\"><div class=\"elementor-post__thumbnail\"><img loading=\"lazy\" decoding=\"async\" width=\"300\" height=\"247\" src=\"https:\/\/martzatech1258.live-website.com\/wp-content\/uploads\/2022\/03\/PHOTO-2022-03-21-20-43-33-300x247.jpg\" class=\"attachment-medium size-medium wp-image-26944\" alt=\"\" srcset=\"https:\/\/martzatech1258.live-website.com\/wp-content\/uploads\/2022\/03\/PHOTO-2022-03-21-20-43-33-300x247.jpg 300w, https:\/\/martzatech1258.live-website.com\/wp-content\/uploads\/2022\/03\/PHOTO-2022-03-21-20-43-33-1024x842.jpg 1024w, https:\/\/martzatech1258.live-website.com\/wp-content\/uploads\/2022\/03\/PHOTO-2022-03-21-20-43-33-768x632.jpg 768w, https:\/\/martzatech1258.live-website.com\/wp-content\/uploads\/2022\/03\/PHOTO-2022-03-21-20-43-33.jpg 1403w\" sizes=\"(max-width: 300px) 100vw, 300px\" \/><\/div><\/a>\n\t\t\t\t<div class=\"elementor-post__badge\">Cripto<\/div>\n\t\t\t\t<div class=\"elementor-post__avatar\">\n\t\t\t<img alt='Arantza Castro' src='https:\/\/secure.gravatar.com\/avatar\/c09957ba8fe821de88de835f0e87dfe0ed67da3016ab2e82815f3f07144881e4?s=128&#038;d=mm&#038;r=g' srcset='https:\/\/secure.gravatar.com\/avatar\/c09957ba8fe821de88de835f0e87dfe0ed67da3016ab2e82815f3f07144881e4?s=256&#038;d=mm&#038;r=g 2x' class='avatar avatar-128 photo' height='128' width='128' \/>\t\t<\/div>\n\t\t\t\t<div class=\"elementor-post__text\">\n\t\t\t\t<h3 class=\"elementor-post__title\">\n\t\t\t<a href=\"https:\/\/martzatech1258.live-website.com\/es\/blog\/2022\/03\/21\/martza-tech-in-sigma-dubai\/\">\n\t\t\t\t\u00a1Martza Tech en SiGMA Dub\u00e1i!\t\t\t<\/a>\n\t\t<\/h3>\n\t\t\t\t<div class=\"elementor-post__excerpt\">\n\t\t\t<p>Martza Tech en SiGMA Dubai \u00a1Ya estamos en Dubai en SiGMA! \u00bfHa confirmado una reuni\u00f3n con nosotros en Dubai? Con ganas de ponerse al d\u00eda<\/p>\n\t\t<\/div>\n\t\t\n\t\t<a class=\"elementor-post__read-more\" href=\"https:\/\/martzatech1258.live-website.com\/es\/blog\/2022\/03\/21\/martza-tech-in-sigma-dubai\/\" aria-label=\"\u00a1M\u00e1s informaci\u00f3n sobre Martza Tech en SiGMA Dub\u00e1i!\" tabindex=\"-1\">\n\t\t\tLeer m\u00e1s &quot;\t\t<\/a>\n\n\t\t\t\t<\/div>\n\t\t\t\t<div class=\"elementor-post__meta-data\">\n\t\t\t\t\t<span class=\"elementor-post-date\">\n\t\t\tmarzo 21, 2022\t\t<\/span>\n\t\t\t\t<span class=\"elementor-post-avatar\">\n\t\t\tNo hay comentarios\t\t<\/span>\n\t\t\t\t<\/div>\n\t\t\t\t\t<\/div>\n\t\t<\/article>\n\t\t\t\t<\/div>\n\t\t\n\t\t\t\t<\/div>\n\t\t\t\t<\/div>\n\t\t\t\t\t<\/div>\n\t\t<\/div>\n\t\t\t\t\t<\/div>\n\t\t<\/section>\n\t\t\t\t<\/div>","protected":false},"excerpt":{"rendered":"<p>Nuestro blog<\/p>","protected":false},"author":1,"featured_media":0,"parent":0,"menu_order":0,"comment_status":"closed","ping_status":"closed","template":"","meta":{"site-sidebar-layout":"no-sidebar","site-content-layout":"page-builder","ast-site-content-layout":"","site-content-style":"default","site-sidebar-style":"default","ast-global-header-display":"","ast-banner-title-visibility":"","ast-main-header-display":"","ast-hfb-above-header-display":"","ast-hfb-below-header-display":"","ast-hfb-mobile-header-display":"","site-post-title":"disabled","ast-breadcrumbs-content":"","ast-featured-img":"disabled","footer-sml-layout":"","theme-transparent-header-meta":"","adv-header-id-meta":"","stick-header-meta":"","header-above-stick-meta":"","header-main-stick-meta":"","header-below-stick-meta":"","astra-migrate-meta-layouts":"default","ast-page-background-enabled":"default","ast-page-background-meta":{"desktop":{"background-color":"","background-image":"","background-repeat":"repeat","background-position":"center center","background-size":"auto","background-attachment":"scroll","background-type":"","background-media":"","overlay-type":"","overlay-color":"","overlay-opacity":"","overlay-gradient":""},"tablet":{"background-color":"","background-image":"","background-repeat":"repeat","background-position":"center center","background-size":"auto","background-attachment":"scroll","background-type":"","background-media":"","overlay-type":"","overlay-color":"","overlay-opacity":"","overlay-gradient":""},"mobile":{"background-color":"","background-image":"","background-repeat":"repeat","background-position":"center center","background-size":"auto","background-attachment":"scroll","background-type":"","background-media":"","overlay-type":"","overlay-color":"","overlay-opacity":"","overlay-gradient":""}},"ast-content-background-meta":{"desktop":{"background-color":"var(--ast-global-color-5)","background-image":"","background-repeat":"repeat","background-position":"center center","background-size":"auto","background-attachment":"scroll","background-type":"","background-media":"","overlay-type":"","overlay-color":"","overlay-opacity":"","overlay-gradient":""},"tablet":{"background-color":"var(--ast-global-color-5)","background-image":"","background-repeat":"repeat","background-position":"center center","background-size":"auto","background-attachment":"scroll","background-type":"","background-media":"","overlay-type":"","overlay-color":"","overlay-opacity":"","overlay-gradient":""},"mobile":{"background-color":"var(--ast-global-color-5)","background-image":"","background-repeat":"repeat","background-position":"center center","background-size":"auto","background-attachment":"scroll","background-type":"","background-media":"","overlay-type":"","overlay-color":"","overlay-opacity":"","overlay-gradient":""}},"footnotes":""},"class_list":["post-26855","page","type-page","status-publish","hentry"],"_links":{"self":[{"href":"https:\/\/martzatech1258.live-website.com\/es\/wp-json\/wp\/v2\/pages\/26855","targetHints":{"allow":["GET"]}}],"collection":[{"href":"https:\/\/martzatech1258.live-website.com\/es\/wp-json\/wp\/v2\/pages"}],"about":[{"href":"https:\/\/martzatech1258.live-website.com\/es\/wp-json\/wp\/v2\/types\/page"}],"author":[{"embeddable":true,"href":"https:\/\/martzatech1258.live-website.com\/es\/wp-json\/wp\/v2\/users\/1"}],"replies":[{"embeddable":true,"href":"https:\/\/martzatech1258.live-website.com\/es\/wp-json\/wp\/v2\/comments?post=26855"}],"version-history":[{"count":5,"href":"https:\/\/martzatech1258.live-website.com\/es\/wp-json\/wp\/v2\/pages\/26855\/revisions"}],"predecessor-version":[{"id":28070,"href":"https:\/\/martzatech1258.live-website.com\/es\/wp-json\/wp\/v2\/pages\/26855\/revisions\/28070"}],"wp:attachment":[{"href":"https:\/\/martzatech1258.live-website.com\/es\/wp-json\/wp\/v2\/media?parent=26855"}],"curies":[{"name":"wp","href":"https:\/\/api.w.org\/{rel}","templated":true}]}}