{"id":27049,"date":"2022-03-25T12:57:47","date_gmt":"2022-03-25T11:57:47","guid":{"rendered":"https:\/\/martzatech1258.live-website.com\/stage\/terms-of-use"},"modified":"2022-03-25T12:57:47","modified_gmt":"2022-03-25T11:57:47","slug":"terms-of-use","status":"publish","type":"page","link":"https:\/\/martzatech1258.live-website.com\/es\/terms-of-use\/","title":{"rendered":"T\u00e9rminos de Uso"},"content":{"rendered":"<p>Fecha de vigencia: 25 de marzo de 2022<\/p>\n<p>Estos T\u00e9rminos rigen su acceso y uso de todo el contenido, Producto y Servicios disponibles en el sitio web https:\/\/martzatech1258.live-website.com\/ (el &quot;Servicio&quot;) operado por Martza Tech (&quot;nosotros&quot;, &quot;nosotros&quot; o &quot;nuestro \u201d).<\/p>\n<p>Su acceso a nuestros servicios est\u00e1 sujeto a su aceptaci\u00f3n, sin modificaciones, de todos los t\u00e9rminos y condiciones contenidos en este documento y todas las dem\u00e1s reglas y pol\u00edticas operativas publicadas y que podamos publicar peri\u00f3dicamente.<\/p>\n<p>Lea atentamente el Acuerdo antes de acceder o utilizar nuestros Servicios. Al acceder o utilizar cualquier parte de nuestros Servicios, usted acepta estar sujeto a estos T\u00e9rminos. Si no est\u00e1 de acuerdo con alguna parte de los t\u00e9rminos del Acuerdo, no podr\u00e1 acceder ni utilizar nuestros Servicios.<\/p>\n<h2>Propiedad intelectual<\/h2>\n<p>El Acuerdo no transfiere de nosotros a usted ninguna propiedad intelectual nuestra o de terceros, y todos los derechos, t\u00edtulos e intereses sobre dicha propiedad permanecer\u00e1n (entre las partes) \u00fanicamente con Martza Tech y sus licenciantes.<\/p>\n<h3>Servicios de terceros<\/h3>\n<p>Al usar los Servicios, puede usar servicios, productos, software, incrustaciones o aplicaciones de terceros desarrollados por un tercero (&quot;Servicios de terceros&quot;).<\/p>\n<p>Si utiliza cualquier Servicio de terceros, comprende que:<\/p>\n<ul>\n<li>Cualquier uso de un Servicio de terceros es bajo su propio riesgo, y no seremos responsables ante nadie por los sitios web o Servicios de terceros.<\/li>\n<li>Usted reconoce y acepta que no seremos responsables de ning\u00fan da\u00f1o o p\u00e9rdida causada o presuntamente causada por o en relaci\u00f3n con el uso de dicho contenido, bienes o servicios disponibles en o a trav\u00e9s de dichos sitios web o servicios.<\/li>\n<\/ul>\n<h2>cuentas<\/h2>\n<p>Cuando el uso de cualquier parte de nuestros Servicios requiera una cuenta, usted acepta proporcionarnos informaci\u00f3n completa y precisa cuando se registra para obtener una cuenta.<\/p>\n<p>Usted ser\u00e1 el \u00fanico responsable de cualquier actividad que ocurra en su cuenta. Usted es responsable de mantener actualizada la informaci\u00f3n de su cuenta y de mantener segura su contrase\u00f1a.<\/p>\n<p>Usted es responsable de mantener la seguridad de su cuenta que utiliza para acceder al Servicio. No deber\u00e1 compartir ni hacer mal uso de sus credenciales de acceso. Debe notificarnos de inmediato sobre cualquier uso no autorizado de su cuenta o al darse cuenta de cualquier otra violaci\u00f3n de la seguridad.<\/p>\n<h2>Terminaci\u00f3n<\/h2>\n<p>Podemos rescindir o suspender su acceso a la totalidad o parte de nuestros Servicios en cualquier momento, con o sin causa, con o sin notificaci\u00f3n, con efecto inmediato.<\/p>\n<p>Si desea rescindir el Acuerdo o su cuenta de Martza Tech, simplemente puede dejar de utilizar nuestros Servicios.<\/p>\n<p>Todas las disposiciones del Acuerdo que, por su naturaleza, deban sobrevivir a la terminaci\u00f3n sobrevivir\u00e1n a la terminaci\u00f3n, incluidas, entre otras, las disposiciones de propiedad, las exenciones de garant\u00eda, la indemnizaci\u00f3n y las limitaciones de responsabilidad.<\/p>\n<h2>Descargo de responsabilidad<\/h2>\n<p>Nuestros Servicios se proporcionan &quot;TAL CUAL&quot;. y \u201cSEG\u00daN DISPONIBILIDAD\u201d. Martza Tech y sus proveedores y licenciantes renuncian a todas las garant\u00edas de cualquier tipo, expresas o impl\u00edcitas, incluidas, entre otras, las garant\u00edas de comerciabilidad, idoneidad para un prop\u00f3sito particular y no infracci\u00f3n. Ni Martza Tech, ni sus proveedores y licenciantes, garantizan que nuestros Servicios estar\u00e1n libres de errores o que el acceso a los mismos ser\u00e1 continuo o ininterrumpido. Usted comprende que descarga u obtiene contenido o servicios a trav\u00e9s de nuestros Servicios a su propia discreci\u00f3n y riesgo.<\/p>\n<h3>Jurisdicci\u00f3n y Ley Aplicable<\/h3>\n<p>Excepto en la medida en que la ley aplicable disponga lo contrario, el Acuerdo y cualquier acceso o uso de nuestros Servicios se regir\u00e1n por las leyes de Malta.<\/p>\n<p>El lugar adecuado para cualquier disputa que surja de o est\u00e9 relacionada con el Acuerdo y cualquier acceso o uso de nuestros Servicios ser\u00e1n los tribunales estatales y federales ubicados en Malta.<\/p>\n<h2>Cambios<\/h2>\n<p>Martza Tech se reserva el derecho, a nuestro exclusivo criterio, de modificar o reemplazar estos T\u00e9rminos en cualquier momento.<\/p>\n<p>Si realizamos cambios importantes, se lo informaremos public\u00e1ndolos en nuestro sitio web o envi\u00e1ndole un correo electr\u00f3nico u otra comunicaci\u00f3n antes de que los cambios entren en vigencia. El aviso designar\u00e1 un per\u00edodo de tiempo razonable despu\u00e9s del cual los nuevos t\u00e9rminos entrar\u00e1n en vigencia.<\/p>\n<p>Si no est\u00e1 de acuerdo con nuestros cambios, debe dejar de usar nuestros Servicios dentro del per\u00edodo de aviso designado, o una vez que los cambios entren en vigencia.<\/p>\n<p>Su uso continuado de nuestros Servicios estar\u00e1 sujeto a los nuevos t\u00e9rminos.<\/p>","protected":false},"excerpt":{"rendered":"<p>Fecha de vigencia: 25 de marzo de 2022 Estos T\u00e9rminos rigen su acceso y uso de todo el contenido, Productos y Servicios disponibles en el sitio web https:\/\/martzatech1258.live-website.com\/ (el \u201cServicio\u201d) operado por Martza Tech (\u201cnosotros\u201d, \u201cnosotros\u201d, o \u201cnuestro\u201d). Su acceso a nuestros servicios est\u00e1 sujeto a su aceptaci\u00f3n, sin modificaciones, de todos los t\u00e9rminos y condiciones contenidos en este documento y [\u2026]<\/p>","protected":false},"author":1,"featured_media":0,"parent":0,"menu_order":0,"comment_status":"closed","ping_status":"closed","template":"","meta":{"site-sidebar-layout":"default","site-content-layout":"","ast-site-content-layout":"","site-content-style":"default","site-sidebar-style":"default","ast-global-header-display":"","ast-banner-title-visibility":"","ast-main-header-display":"","ast-hfb-above-header-display":"","ast-hfb-below-header-display":"","ast-hfb-mobile-header-display":"","site-post-title":"","ast-breadcrumbs-content":"","ast-featured-img":"","footer-sml-layout":"","theme-transparent-header-meta":"","adv-header-id-meta":"","stick-header-meta":"","header-above-stick-meta":"","header-main-stick-meta":"","header-below-stick-meta":"","astra-migrate-meta-layouts":"default","ast-page-background-enabled":"default","ast-page-background-meta":{"desktop":{"background-color":"","background-image":"","background-repeat":"repeat","background-position":"center center","background-size":"auto","background-attachment":"scroll","background-type":"","background-media":"","overlay-type":"","overlay-color":"","overlay-opacity":"","overlay-gradient":""},"tablet":{"background-color":"","background-image":"","background-repeat":"repeat","background-position":"center center","background-size":"auto","background-attachment":"scroll","background-type":"","background-media":"","overlay-type":"","overlay-color":"","overlay-opacity":"","overlay-gradient":""},"mobile":{"background-color":"","background-image":"","background-repeat":"repeat","background-position":"center center","background-size":"auto","background-attachment":"scroll","background-type":"","background-media":"","overlay-type":"","overlay-color":"","overlay-opacity":"","overlay-gradient":""}},"ast-content-background-meta":{"desktop":{"background-color":"var(--ast-global-color-5)","background-image":"","background-repeat":"repeat","background-position":"center center","background-size":"auto","background-attachment":"scroll","background-type":"","background-media":"","overlay-type":"","overlay-color":"","overlay-opacity":"","overlay-gradient":""},"tablet":{"background-color":"var(--ast-global-color-5)","background-image":"","background-repeat":"repeat","background-position":"center center","background-size":"auto","background-attachment":"scroll","background-type":"","background-media":"","overlay-type":"","overlay-color":"","overlay-opacity":"","overlay-gradient":""},"mobile":{"background-color":"var(--ast-global-color-5)","background-image":"","background-repeat":"repeat","background-position":"center center","background-size":"auto","background-attachment":"scroll","background-type":"","background-media":"","overlay-type":"","overlay-color":"","overlay-opacity":"","overlay-gradient":""}},"footnotes":""},"class_list":["post-27049","page","type-page","status-publish","hentry"],"_links":{"self":[{"href":"https:\/\/martzatech1258.live-website.com\/es\/wp-json\/wp\/v2\/pages\/27049","targetHints":{"allow":["GET"]}}],"collection":[{"href":"https:\/\/martzatech1258.live-website.com\/es\/wp-json\/wp\/v2\/pages"}],"about":[{"href":"https:\/\/martzatech1258.live-website.com\/es\/wp-json\/wp\/v2\/types\/page"}],"author":[{"embeddable":true,"href":"https:\/\/martzatech1258.live-website.com\/es\/wp-json\/wp\/v2\/users\/1"}],"replies":[{"embeddable":true,"href":"https:\/\/martzatech1258.live-website.com\/es\/wp-json\/wp\/v2\/comments?post=27049"}],"version-history":[{"count":0,"href":"https:\/\/martzatech1258.live-website.com\/es\/wp-json\/wp\/v2\/pages\/27049\/revisions"}],"wp:attachment":[{"href":"https:\/\/martzatech1258.live-website.com\/es\/wp-json\/wp\/v2\/media?parent=27049"}],"curies":[{"name":"wp","href":"https:\/\/api.w.org\/{rel}","templated":true}]}}